{"id":15,"date":"2026-04-16T14:10:11","date_gmt":"2026-04-16T11:10:11","guid":{"rendered":"https:\/\/biratolye.org\/?page_id=15"},"modified":"2026-04-16T14:10:11","modified_gmt":"2026-04-16T11:10:11","slug":"projeler","status":"publish","type":"page","link":"https:\/\/biratolye.org\/?page_id=15","title":{"rendered":"Projeler"},"content":{"rendered":"\n<div class=\"wp-block-group alignfull has-accent-2-background-color has-background has-global-padding is-layout-constrained wp-container-core-group-is-layout-669513ed wp-block-group-is-layout-constrained\" style=\"margin-top:0;margin-bottom:0;padding-top:var(--wp--preset--spacing--50);padding-right:var(--wp--preset--spacing--50);padding-bottom:var(--wp--preset--spacing--50);padding-left:var(--wp--preset--spacing--50)\">\n<div class=\"wp-block-columns alignwide is-layout-flex wp-container-core-columns-is-layout-28f84493 wp-block-columns-is-layout-flex\">\n<div class=\"wp-block-column is-layout-flow wp-block-column-is-layout-flow\" style=\"flex-basis:40%\">\n<p class=\"wp-container-content-0733e5d0\">Sanat galerisi \u2014 Genel g\u00f6r\u00fcn\u00fcm<\/p>\n<\/div>\n\n\n\n<div class=\"wp-block-column is-layout-flow wp-block-column-is-layout-flow\" style=\"flex-basis:60%\">\n<p class=\"has-heading-font-family has-x-large-font-size\" style=\"line-height:1.2\">Bu d\u00f6n\u00fc\u015ft\u00fcr\u00fcc\u00fc proje, galerinin zengin k\u00fclt\u00fcrel miras\u0131n\u0131 korurken altyap\u0131s\u0131n\u0131, eri\u015filebilirli\u011fini ve sergi alanlar\u0131n\u0131 geli\u015ftirmeyi ama\u00e7l\u0131yor.<\/p>\n<\/div>\n<\/div>\n\n\n\n<div style=\"height:var(--wp--preset--spacing--40)\" aria-hidden=\"true\" class=\"wp-block-spacer\"><\/div>\n\n\n\n<figure class=\"wp-block-image alignwide size-large is-style-rounded is-style-rounded--1\"><img decoding=\"async\" src=\"https:\/\/biratolye.org\/wp-content\/themes\/twentytwentyfour\/assets\/images\/hotel-facade.webp\" alt=\"Hyatt Regency San Francisco, San Francisco, Amerika Birle\u015fik Devletleri\"\/><\/figure>\n<\/div>\n\n\n\n<div class=\"wp-block-group alignfull has-base-background-color has-background has-global-padding is-layout-constrained wp-container-core-group-is-layout-d89aad35 wp-block-group-is-layout-constrained\" style=\"margin-top:0;margin-bottom:0;padding-top:var(--wp--preset--spacing--50);padding-right:var(--wp--preset--spacing--50);padding-bottom:var(--wp--preset--spacing--50);padding-left:var(--wp--preset--spacing--50)\">\n<div class=\"wp-block-columns alignwide is-layout-flex wp-container-core-columns-is-layout-549b0c86 wp-block-columns-is-layout-flex\">\n<div class=\"wp-block-column has-global-padding is-content-justification-left is-layout-constrained wp-container-core-column-is-layout-4f15e8fe wp-block-column-is-layout-constrained\" style=\"flex-basis:40%\">\n<p>Canland\u0131r\u0131lm\u0131\u015f sanat galerisi, k\u00fclt\u00fcrel manzaray\u0131 yeniden tan\u0131ml\u0131yor.<\/p>\n<\/div>\n\n\n\n<div class=\"wp-block-column is-layout-flow wp-container-core-column-is-layout-119bc444 wp-block-column-is-layout-flow\" style=\"flex-basis:60%\">\n<p class=\"has-heading-font-family has-x-large-font-size\" style=\"line-height:1.2\">Detaylara b\u00fcy\u00fck bir titizlikle dikkat etme ve m\u00fckemmelli\u011fe olan ba\u011fl\u0131l\u0131\u011f\u0131m\u0131zla, i\u00e7inde ya\u015fayanlar\u0131n hayatlar\u0131na ilham veren, y\u00fckselten ve zenginle\u015ftiren alanlar yarat\u0131yoruz.<\/p>\n\n\n\n<div class=\"wp-block-columns is-layout-flex wp-container-core-columns-is-layout-87beb0d0 wp-block-columns-is-layout-flex\">\n<div class=\"wp-block-column is-layout-flow wp-block-column-is-layout-flow\">\n<p class=\"wp-container-content-9cfa9a5a\">Yeniden canland\u0131r\u0131lan sanat galerisi, Toronto&#8217;nun k\u00fclt\u00fcrel manzaras\u0131n\u0131 yeniden tan\u0131mlamaya haz\u0131rlan\u0131yor ve sanatsal ifadenin, topluluk kat\u0131l\u0131m\u0131n\u0131n ve mimari harikan\u0131n bir ba\u011flant\u0131 noktas\u0131 olarak hizmet ediyor. Geni\u015fletme ve yenileme projesi, Sanat Galerisi&#8217;nin zengin tarihine sayg\u0131 duru\u015funda bulunurken gelece\u011fi de kucakl\u0131yor ve galerinin bir ilham kayna\u011f\u0131 olarak kalmas\u0131n\u0131 sa\u011fl\u0131yor.<\/p>\n<\/div>\n\n\n\n<div class=\"wp-block-column is-layout-flow wp-block-column-is-layout-flow\">\n<p>Yeniden canland\u0131r\u0131lan sanat galerisi, Toronto&#8217;nun k\u00fclt\u00fcrel manzaras\u0131n\u0131 yeniden tan\u0131mlamaya haz\u0131rlan\u0131yor ve sanatsal ifadenin, topluluk kat\u0131l\u0131m\u0131n\u0131n ve mimari harikan\u0131n bir ba\u011flant\u0131 noktas\u0131 olarak hizmet ediyor. Geni\u015fletme ve yenileme projesi, Sanat Galerisi&#8217;nin zengin tarihine sayg\u0131 duru\u015funda bulunurken gelece\u011fi de kucakl\u0131yor ve galerinin bir ilham kayna\u011f\u0131 olarak kalmas\u0131n\u0131 sa\u011fl\u0131yor.<\/p>\n<\/div>\n<\/div>\n<\/div>\n<\/div>\n<\/div>\n\n\n\n<div class=\"wp-block-cover alignfull is-light has-parallax\" style=\"padding-top:var(--wp--preset--spacing--50);padding-right:var(--wp--preset--spacing--50);padding-bottom:var(--wp--preset--spacing--50);padding-left:var(--wp--preset--spacing--50);min-height:100vh;aspect-ratio:unset;\"><div class=\"wp-block-cover__image-background has-parallax\" style=\"background-position:50% 50%;background-image:url(https:\/\/biratolye.org\/wp-content\/themes\/twentytwentyfour\/assets\/images\/art-gallery.webp)\"><\/div><span aria-hidden=\"true\" class=\"wp-block-cover__background has-base-background-color has-background-dim-0 has-background-dim\"><\/span><div class=\"wp-block-cover__inner-container has-global-padding is-layout-constrained wp-container-core-cover-is-layout-e4fd886c wp-block-cover-is-layout-constrained\">\n<div style=\"height:500px\" aria-hidden=\"true\" class=\"wp-block-spacer\"><\/div>\n<\/div><\/div>\n\n\n\n<div class=\"wp-block-group alignfull has-base-2-background-color has-background has-global-padding is-layout-constrained wp-container-core-group-is-layout-7cd14b77 wp-block-group-is-layout-constrained\" style=\"margin-top:0;margin-bottom:0;padding-top:var(--wp--preset--spacing--60);padding-right:var(--wp--preset--spacing--60);padding-bottom:var(--wp--preset--spacing--60);padding-left:var(--wp--preset--spacing--60)\">\n<div class=\"wp-block-group alignwide is-layout-flow wp-block-group-is-layout-flow\">\n<div style=\"height:var(--wp--preset--spacing--50)\" aria-hidden=\"true\" class=\"wp-block-spacer\"><\/div>\n\n\n\n<p class=\"has-text-align-center has-heading-font-family has-x-large-font-size\" style=\"font-style:normal;font-weight:400;line-height:1.2\"><em>\u00c9tudes<\/em> ge\u00e7mi\u015fle s\u0131n\u0131rl\u0131 de\u011fil &#8211; d\u00fcnyam\u0131z\u0131 bug\u00fcn \u015fekillendiren son teknoloji tasar\u0131mlara tutkulu bir ilgi duyuyoruz.<\/p>\n\n\n\n<div style=\"height:var(--wp--preset--spacing--50)\" aria-hidden=\"true\" class=\"wp-block-spacer\"><\/div>\n<\/div>\n<\/div>\n\n\n\n<div class=\"wp-block-group alignfull has-base-2-color has-contrast-background-color has-text-color has-background has-link-color wp-elements-a8246fc96b28aed59b68b3b66acd4250 has-global-padding is-layout-constrained wp-container-core-group-is-layout-facafb6f wp-block-group-is-layout-constrained\" style=\"margin-top:0;margin-bottom:0;padding-top:var(--wp--preset--spacing--50);padding-right:var(--wp--preset--spacing--50);padding-bottom:var(--wp--preset--spacing--50);padding-left:var(--wp--preset--spacing--50)\">\n<div class=\"wp-block-columns alignwide is-layout-flex wp-container-core-columns-is-layout-d1c656ed wp-block-columns-is-layout-flex\">\n<div class=\"wp-block-column is-vertically-aligned-stretch is-layout-flow wp-block-column-is-layout-flow\" style=\"padding-right:0;flex-basis:60%\">\n<div class=\"wp-block-group is-vertical is-content-justification-stretch is-layout-flex wp-container-core-group-is-layout-ae24f51d wp-block-group-is-layout-flex\" style=\"min-height:100%\">\n<figure class=\"wp-block-image size-large is-style-rounded is-style-rounded--2\"><img decoding=\"async\" src=\"https:\/\/biratolye.org\/wp-content\/themes\/twentytwentyfour\/assets\/images\/angular-roof.webp\" alt=\"Darling Liman\u0131, Sidney, Avustralya'da a\u00e7\u0131l\u0131 bir \u00e7at\u0131n\u0131n alt\u0131nda bo\u015f bir merdiven\" style=\"aspect-ratio:9\/16;object-fit:cover\"\/><\/figure>\n\n\n\n<p class=\"has-medium-font-size\">1. \u00c9tudes arac\u0131l\u0131\u011f\u0131yla, mimari s\u0131n\u0131rlar\u0131 yeniden tan\u0131mlamay\u0131 ve yap\u0131sal \u00e7evrede silinmez bir iz b\u0131rakan yeni bir tasar\u0131m m\u00fckemmelli\u011fi \u00e7a\u011f\u0131n\u0131 ba\u015flatmay\u0131 ama\u00e7l\u0131yoruz.<\/p>\n<\/div>\n<\/div>\n\n\n\n<div class=\"wp-block-column is-layout-flow wp-block-column-is-layout-flow\" style=\"flex-basis:40%\">\n<div class=\"wp-block-group has-global-padding is-layout-constrained wp-block-group-is-layout-constrained\">\n<p class=\"has-large-font-size\" style=\"font-style:normal;font-weight:500;line-height:1.2\">Kapsaml\u0131 profesyonel hizmet paketimiz, ev sahiplerinden ticari geli\u015ftiricilere kadar \u00e7ok \u00e7e\u015fitli m\u00fc\u015fterilere hitap etmektedir. Yenilik ve s\u00fcrd\u00fcr\u00fclebilirli\u011fe olan ba\u011fl\u0131l\u0131\u011f\u0131yla \u00c9tudes, mimari hayalleri dikkat \u00e7ekici ger\u00e7ek yap\u0131lara d\u00f6n\u00fc\u015ft\u00fcren k\u00f6pr\u00fcd\u00fcr.<\/p>\n\n\n\n<div style=\"height:var(--wp--preset--spacing--40)\" aria-hidden=\"true\" class=\"wp-block-spacer\"><\/div>\n\n\n\n<div class=\"wp-block-group is-layout-flow wp-block-group-is-layout-flow\">\n<p class=\"has-medium-font-size\">2. Sanat\u00e7\u0131l\u0131\u011f\u0131 \u00f6ven vaka \u00e7al\u0131\u015fmalar\u0131 merak\u0131 k\u00f6r\u00fckleyebilir ve ilham\u0131 ate\u015fleyebilir.<\/p>\n\n\n\n<figure class=\"wp-block-image size-large is-style-rounded is-style-rounded--3\"><img decoding=\"async\" src=\"https:\/\/biratolye.org\/wp-content\/themes\/twentytwentyfour\/assets\/images\/art-gallery.webp\" alt=\"Ontario, Toronto, Kanada sanat galerisi\" style=\"aspect-ratio:9\/16;object-fit:cover\"\/><\/figure>\n<\/div>\n<\/div>\n<\/div>\n<\/div>\n<\/div>\n","protected":false},"excerpt":{"rendered":"<p>Sanat galerisi \u2014 Genel g\u00f6r\u00fcn\u00fcm Bu d\u00f6n\u00fc\u015ft\u00fcr\u00fcc\u00fc proje, galerinin zengin k\u00fclt\u00fcrel miras\u0131n\u0131 korurken altyap\u0131s\u0131n\u0131, eri\u015filebilirli\u011fini ve sergi alanlar\u0131n\u0131 geli\u015ftirmeyi ama\u00e7l\u0131yor. Canland\u0131r\u0131lm\u0131\u015f sanat galerisi, k\u00fclt\u00fcrel manzaray\u0131 yeniden tan\u0131ml\u0131yor. Detaylara b\u00fcy\u00fck bir titizlikle dikkat etme ve m\u00fckemmelli\u011fe olan ba\u011fl\u0131l\u0131\u011f\u0131m\u0131zla, i\u00e7inde ya\u015fayanlar\u0131n hayatlar\u0131na ilham veren, y\u00fckselten ve zenginle\u015ftiren alanlar yarat\u0131yoruz. Yeniden canland\u0131r\u0131lan sanat galerisi, Toronto&#8217;nun k\u00fclt\u00fcrel manzaras\u0131n\u0131 yeniden [&hellip;]<\/p>\n","protected":false},"author":1,"featured_media":0,"parent":0,"menu_order":0,"comment_status":"closed","ping_status":"closed","template":"","meta":{"footnotes":""},"class_list":["post-15","page","type-page","status-publish","hentry"],"jetpack_sharing_enabled":true,"_links":{"self":[{"href":"https:\/\/biratolye.org\/index.php?rest_route=\/wp\/v2\/pages\/15","targetHints":{"allow":["GET"]}}],"collection":[{"href":"https:\/\/biratolye.org\/index.php?rest_route=\/wp\/v2\/pages"}],"about":[{"href":"https:\/\/biratolye.org\/index.php?rest_route=\/wp\/v2\/types\/page"}],"author":[{"embeddable":true,"href":"https:\/\/biratolye.org\/index.php?rest_route=\/wp\/v2\/users\/1"}],"replies":[{"embeddable":true,"href":"https:\/\/biratolye.org\/index.php?rest_route=%2Fwp%2Fv2%2Fcomments&post=15"}],"version-history":[{"count":1,"href":"https:\/\/biratolye.org\/index.php?rest_route=\/wp\/v2\/pages\/15\/revisions"}],"predecessor-version":[{"id":16,"href":"https:\/\/biratolye.org\/index.php?rest_route=\/wp\/v2\/pages\/15\/revisions\/16"}],"wp:attachment":[{"href":"https:\/\/biratolye.org\/index.php?rest_route=%2Fwp%2Fv2%2Fmedia&parent=15"}],"curies":[{"name":"wp","href":"https:\/\/api.w.org\/{rel}","templated":true}]}}